{"id":260,"date":"2020-12-05T11:33:09","date_gmt":"2020-12-05T17:33:09","guid":{"rendered":"https:\/\/www.progamerfactory.com\/?page_id=260"},"modified":"2021-08-11T12:17:47","modified_gmt":"2021-08-11T17:17:47","slug":"terminos-y-condiciones","status":"publish","type":"page","link":"https:\/\/www.progamerfactory.com\/en\/terminos-y-condiciones\/","title":{"rendered":"Terms and Conditions"},"content":{"rendered":"<div class=\"row\"  id=\"row-1974025938\">\n\n\n\t<div id=\"col-1032156803\" class=\"col medium-4 small-12 large-4\"  >\n\t\t\t\t<div class=\"col-inner\"  >\n\t\t\t\n\t\t\t\n\n\n\t\t<\/div>\n\t\t\t\t\t<\/div>\n\n\t\n\n\t<div id=\"col-594529386\" class=\"col medium-4 small-12 large-4\"  >\n\t\t\t\t<div class=\"col-inner text-center\"  >\n\t\t\t\n\t\t\t\n\n\t<div class=\"img has-hover x md-x lg-x y md-y lg-y\" id=\"image_1891673118\">\n\t\t\t\t\t\t<div data-animate=\"bounceInUp\">\t\t<div class=\"img-inner dark\" >\n\t\t\t<img decoding=\"async\" width=\"512\" height=\"512\" src=\"https:\/\/www.progamerfactory.com\/wp-content\/uploads\/2020\/12\/icono.png\" class=\"attachment-large size-large\" alt=\"Izotipo Pro Gamer Factory\" srcset=\"https:\/\/www.progamerfactory.com\/wp-content\/uploads\/2020\/12\/icono.png 512w, https:\/\/www.progamerfactory.com\/wp-content\/uploads\/2020\/12\/icono-100x100.png 100w, https:\/\/www.progamerfactory.com\/wp-content\/uploads\/2020\/12\/icono-510x510.png 510w, https:\/\/www.progamerfactory.com\/wp-content\/uploads\/2020\/12\/icono-400x400.png 400w, https:\/\/www.progamerfactory.com\/wp-content\/uploads\/2020\/12\/icono-280x280.png 280w\" sizes=\"(max-width: 512px) 100vw, 512px\" \/>\t\t\t\t\t\t\n\t\t\t\t\t<\/div>\n\t\t<\/div>\t\t\t\t\t\t\n<style>\n#image_1891673118 {\n  width: 33%;\n}\n<\/style>\n\t<\/div>\n\t\n\n\n\t\t<\/div>\n\t\t\t\t\t<\/div>\n\n\t\n\n\t<div id=\"col-1698691026\" class=\"col medium-4 small-12 large-4\"  >\n\t\t\t\t<div class=\"col-inner\"  >\n\t\t\t\n\t\t\t\n\n\n\t\t<\/div>\n\t\t\t\t\t<\/div>\n\n\t\n\n<\/div>\n\n\n\n<h1 class=\"has-text-align-center wp-block-heading\">Terms and Conditions<\/h1>\n\n\n\n<p>The WEBSITE may include hyperlinks or links that allow access to third-party websites other than&nbsp;<strong>Pro Gamer Factory<\/strong>. Los titulares de dichos sitios web dispondr\u00e1n de sus propias pol\u00edticas de privacidad y protecci\u00f3n de datos, por lo cual&nbsp;<strong>Pro Gamer Factory<\/strong>&nbsp;no asume ning\u00fan tipo de responsabilidad por los datos que san facilitados por el USUARIO a trav\u00e9s de cualquier sitio web distinto a&nbsp;<strong><a href=\"https:\/\/www.progamerfactory.com\/en\/\">https:\/\/www.progamerfactory.com\/en\/privacy-policy\/<\/a><\/strong>.<\/p>\n\n\n\n<p><strong>Pro Gamer Factory<\/strong>&nbsp;reserves the right to modify its Privacy Policy, according to its needs or derived from any change in legislation. The access or use of the WEBSITE after such changes, will imply the acceptance of these changes.<\/p>\n\n\n\n<p>On the other hand, access to the WEBSITE may involve the use of cookies, which are small amounts of information that are stored in the browser used by the USER. Cookies facilitate navigation, make it more friendly, and do not damage the navigation device, for this, they can collect information to enter the WEBSITE, store the preferences of the USER, as well as the interaction that this has with the WEBSITE, such as: the date and time when accessing the WEBSITE, the time that has been made use of this, the sites visited before and after the same, the number of pages visited, the IP address from which the user accesses, the frequency of visits, etc..<\/p>\n\n\n\n<p>This type of information will be used to improve the WEBSITE, detect errors, and possible needs that the USER may have, in order to offer USERS better quality services and content. In any case, the information collected will be anonymous and will not identify individual users.<\/p>\n\n\n\n<p>In the event that the USER does not wish this type of information to be collected, he\/she should disable, reject, restrict and\/or eliminate the use of cookies in his\/her Internet browser. The procedures to perform these actions may differ from one browser to another; consequently, it is suggested to review the instructions provided by the browser developer. In the event that you reject the use of cookies (in whole or in part) the USER may continue to use the WEBSITE, although some of its functions may be disabled.<\/p>\n\n\n\n<p>It is possible that in the future these policies regarding cookies may change or be updated, so it is advisable to review the updates that are made to these TERMS AND CONDITIONS, in order to be properly informed about how and why we use the cookies that are generated when entering or using the WEBSITE.<\/p>\n\n\n\n<h2 class=\"wp-block-heading\"><strong>V. LIAISON POLICY.<\/strong><\/h2>\n\n\n\n<p>The WEBSITE may contain links, contents, services or functions of other Internet sites belonging to and\/or managed by third parties, such as images, videos, comments, search engines, etc.<\/p>\n\n\n\n<p>The use of these links, contents, services or functions is intended to improve the USER's experience when using the WEBSITE, and may not be considered a suggestion, recommendation or invitation to use external sites.&nbsp;<strong>Pro Gamer Factory<\/strong>&nbsp;in no case review or control the content of external sites, likewise, does not own the products, services, content, and any other material on those linked sites; therefore, neither the availability, accuracy, truthfulness, validity or legality of external sites that can be accessed through the WEBSITE is guaranteed. Likewise, the OWNER assumes no liability for any damages that may arise from access to or use of the content, products or services available on websites not managed by&nbsp;<strong>Pro Gamer Factory<\/strong>&nbsp;which can be accessed through the WEBSITE.<\/p>\n\n\n\n<h2 class=\"wp-block-heading\"><strong>VI. INTELLECTUAL AND INDUSTRIAL PROPERTY POLICY.<\/strong><\/h2>\n\n\n\n<p><strong>Pro Gamer Factory<\/strong>&nbsp;by itself or as an assignee, is the owner of all intellectual and industrial property rights of the WEBSITE, this being understood as the source code that makes its operation possible as well as the images, audio or video files, logos, trademarks, color combinations, structures, designs and other elements that distinguish it. They will be, therefore, protected by the Mexican legislation on intellectual and industrial property, as well as by the applicable international treaties. Therefore, the reproduction, distribution, or diffusion of the contents of the WEBSITE, for commercial purposes, in any support and by any means, is expressly prohibited without the authorization of&nbsp;<strong>Pro Gamer Factory<\/strong>.<\/p>\n\n\n\n<p>The USER undertakes to respect the intellectual and industrial property rights of the OWNER. However, in addition to being able to view the elements of the WEBSITE may print, copy or store them, provided it is solely for strictly personal use.<\/p>\n\n\n\n<p>On the other hand, the USER shall refrain from deleting, altering, or manipulating any element, file, or content of the WEBSITE, and for no reason shall perform acts aimed at violating the security, files or databases that are protected, either through restricted access by means of a user and password, or because he\/she does not have the permission to view, edit or manipulate them.<\/p>\n\n\n\n<p>In the event that the USER or any third party considers that any of the contents of the WEBSITE involves a violation of the rights of protection of industrial or intellectual property, he\/she must immediately inform&nbsp;<strong>Pro Gamer Factory<\/strong>&nbsp;through the contact information available on the WEBSITE itself.<\/p>\n\n\n\n<h2 class=\"wp-block-heading\"><strong><br>VII. APPLICABLE LAW AND JURISDICTION.<\/strong><\/h2>\n\n\n\n<p>Pro Gamer Factory reserves the right to file civil or criminal actions it deems necessary for the improper use of the WEBSITE, its contents, products or services, or for the breach of these TERMS AND CONDITIONS.<\/p>\n\n\n\n<p>The relationship between the USER and Pro Gamer Factory will be governed by the legislation in force in Mexico, specifically in Aguascalientes. Should any controversy arise in relation to the interpretation and\/or application of these TERMS AND CONDITIONS, the parties will submit to the ordinary jurisdiction of the courts that correspond according to law in the state referred to.<\/p>","protected":false},"excerpt":{"rendered":"<p>T\u00e9rminos y Condiciones El SITIO WEB podr\u00e1 incluir hiperv\u00ednculos o enlaces que permitan acceder a p\u00e1ginas web de terceros distintos de&nbsp;Pro Gamer Factory. Los titulares de dichos sitios web dispondr\u00e1n de sus propias pol\u00edticas de privacidad y protecci\u00f3n de datos, por lo cual&nbsp;Pro Gamer Factory&nbsp;no asume ning\u00fan tipo de responsabilidad por los datos que san [&#8230;]\n","protected":false},"author":1,"featured_media":0,"parent":0,"menu_order":0,"comment_status":"closed","ping_status":"closed","template":"","meta":{"footnotes":""},"class_list":["post-260","page","type-page","status-publish","hentry"],"yoast_head":"<!-- This site is optimized with the Yoast SEO Premium plugin v20.5 (Yoast SEO v27.4) - https:\/\/yoast.com\/product\/yoast-seo-premium-wordpress\/ -->\n<title>T\u00e9rminos y Condiciones | Pro Gamer Factory<\/title>\n<meta name=\"robots\" content=\"noindex, follow\" \/>\n<meta property=\"og:locale\" content=\"en_US\" \/>\n<meta property=\"og:type\" content=\"article\" \/>\n<meta property=\"og:title\" content=\"T\u00e9rminos y Condiciones\" \/>\n<meta property=\"og:description\" content=\"T\u00e9rminos y Condiciones El SITIO WEB podr\u00e1 incluir hiperv\u00ednculos o enlaces que permitan acceder a p\u00e1ginas web de terceros distintos de&nbsp;Pro Gamer Factory. Los titulares de dichos sitios web dispondr\u00e1n de sus propias pol\u00edticas de privacidad y protecci\u00f3n de datos, por lo cual&nbsp;Pro Gamer Factory&nbsp;no asume ning\u00fan tipo de responsabilidad por los datos que san [...]\" \/>\n<meta property=\"og:url\" content=\"https:\/\/www.progamerfactory.com\/en\/terminos-y-condiciones\/\" \/>\n<meta property=\"og:site_name\" content=\"Pro Gamer Factory\" \/>\n<meta property=\"article:publisher\" content=\"https:\/\/www.facebook.com\/progamerfactory\" \/>\n<meta property=\"article:modified_time\" content=\"2021-08-11T17:17:47+00:00\" \/>\n<meta property=\"og:image\" content=\"https:\/\/www.progamerfactory.com\/wp-content\/uploads\/2021\/08\/portada-pinterest.png\" \/>\n\t<meta property=\"og:image:width\" content=\"800\" \/>\n\t<meta property=\"og:image:height\" content=\"450\" \/>\n\t<meta property=\"og:image:type\" content=\"image\/png\" \/>\n<meta name=\"twitter:card\" content=\"summary_large_image\" \/>\n<meta name=\"twitter:site\" content=\"@PR0GamerFactory\" \/>\n<meta name=\"twitter:label1\" content=\"Est. reading time\" \/>\n\t<meta name=\"twitter:data1\" content=\"5 minutes\" \/>\n<script type=\"application\/ld+json\" class=\"yoast-schema-graph\">{\"@context\":\"https:\\\/\\\/schema.org\",\"@graph\":[{\"@type\":\"WebPage\",\"@id\":\"https:\\\/\\\/www.progamerfactory.com\\\/es\\\/terminos-y-condiciones\\\/\",\"url\":\"https:\\\/\\\/www.progamerfactory.com\\\/es\\\/terminos-y-condiciones\\\/\",\"name\":\"T\u00e9rminos y Condiciones | Pro Gamer Factory\",\"isPartOf\":{\"@id\":\"https:\\\/\\\/www.progamerfactory.com\\\/#website\"},\"datePublished\":\"2020-12-05T17:33:09+00:00\",\"dateModified\":\"2021-08-11T17:17:47+00:00\",\"breadcrumb\":{\"@id\":\"https:\\\/\\\/www.progamerfactory.com\\\/es\\\/terminos-y-condiciones\\\/#breadcrumb\"},\"inLanguage\":\"en-US\",\"potentialAction\":[{\"@type\":\"ReadAction\",\"target\":[\"https:\\\/\\\/www.progamerfactory.com\\\/es\\\/terminos-y-condiciones\\\/\"]}]},{\"@type\":\"BreadcrumbList\",\"@id\":\"https:\\\/\\\/www.progamerfactory.com\\\/es\\\/terminos-y-condiciones\\\/#breadcrumb\",\"itemListElement\":[{\"@type\":\"ListItem\",\"position\":1,\"name\":\"Portada\",\"item\":\"https:\\\/\\\/www.progamerfactory.com\\\/\"},{\"@type\":\"ListItem\",\"position\":2,\"name\":\"T\u00e9rminos y Condiciones\"}]},{\"@type\":\"WebSite\",\"@id\":\"https:\\\/\\\/www.progamerfactory.com\\\/#website\",\"url\":\"https:\\\/\\\/www.progamerfactory.com\\\/\",\"name\":\"Pro Gamer Factory\",\"description\":\"Sitio web donde encontraras las descripciones y las recomendaciones de los mejores productos de la industria Gamer\",\"publisher\":{\"@id\":\"https:\\\/\\\/www.progamerfactory.com\\\/#organization\"},\"potentialAction\":[{\"@type\":\"SearchAction\",\"target\":{\"@type\":\"EntryPoint\",\"urlTemplate\":\"https:\\\/\\\/www.progamerfactory.com\\\/?s={search_term_string}\"},\"query-input\":{\"@type\":\"PropertyValueSpecification\",\"valueRequired\":true,\"valueName\":\"search_term_string\"}}],\"inLanguage\":\"en-US\"},{\"@type\":\"Organization\",\"@id\":\"https:\\\/\\\/www.progamerfactory.com\\\/#organization\",\"name\":\"Pro Gamer Factory\",\"alternateName\":\"Pro Gamer Factory\",\"url\":\"https:\\\/\\\/www.progamerfactory.com\\\/\",\"logo\":{\"@type\":\"ImageObject\",\"inLanguage\":\"en-US\",\"@id\":\"https:\\\/\\\/www.progamerfactory.com\\\/#\\\/schema\\\/logo\\\/image\\\/\",\"url\":\"https:\\\/\\\/www.progamerfactory.com\\\/wp-content\\\/uploads\\\/2020\\\/12\\\/cropped-icono.png\",\"contentUrl\":\"https:\\\/\\\/www.progamerfactory.com\\\/wp-content\\\/uploads\\\/2020\\\/12\\\/cropped-icono.png\",\"width\":512,\"height\":512,\"caption\":\"Pro Gamer Factory\"},\"image\":{\"@id\":\"https:\\\/\\\/www.progamerfactory.com\\\/#\\\/schema\\\/logo\\\/image\\\/\"},\"sameAs\":[\"https:\\\/\\\/www.facebook.com\\\/progamerfactory\",\"https:\\\/\\\/x.com\\\/PR0GamerFactory\",\"https:\\\/\\\/www.instagram.com\\\/progamerfactorystore\\\/\",\"https:\\\/\\\/www.pinterest.com.mx\\\/progamerfactory\\\/\"]}]}<\/script>\n<!-- \/ Yoast SEO Premium plugin. -->","yoast_head_json":{"title":"T\u00e9rminos y Condiciones | Pro Gamer Factory","robots":{"index":"noindex","follow":"follow"},"og_locale":"en_US","og_type":"article","og_title":"T\u00e9rminos y Condiciones","og_description":"T\u00e9rminos y Condiciones El SITIO WEB podr\u00e1 incluir hiperv\u00ednculos o enlaces que permitan acceder a p\u00e1ginas web de terceros distintos de&nbsp;Pro Gamer Factory. Los titulares de dichos sitios web dispondr\u00e1n de sus propias pol\u00edticas de privacidad y protecci\u00f3n de datos, por lo cual&nbsp;Pro Gamer Factory&nbsp;no asume ning\u00fan tipo de responsabilidad por los datos que san [...]","og_url":"https:\/\/www.progamerfactory.com\/en\/terminos-y-condiciones\/","og_site_name":"Pro Gamer Factory","article_publisher":"https:\/\/www.facebook.com\/progamerfactory","article_modified_time":"2021-08-11T17:17:47+00:00","og_image":[{"width":800,"height":450,"url":"https:\/\/www.progamerfactory.com\/wp-content\/uploads\/2021\/08\/portada-pinterest.png","type":"image\/png"}],"twitter_card":"summary_large_image","twitter_site":"@PR0GamerFactory","twitter_misc":{"Est. reading time":"5 minutes"},"schema":{"@context":"https:\/\/schema.org","@graph":[{"@type":"WebPage","@id":"https:\/\/www.progamerfactory.com\/es\/terminos-y-condiciones\/","url":"https:\/\/www.progamerfactory.com\/es\/terminos-y-condiciones\/","name":"T\u00e9rminos y Condiciones | Pro Gamer Factory","isPartOf":{"@id":"https:\/\/www.progamerfactory.com\/#website"},"datePublished":"2020-12-05T17:33:09+00:00","dateModified":"2021-08-11T17:17:47+00:00","breadcrumb":{"@id":"https:\/\/www.progamerfactory.com\/es\/terminos-y-condiciones\/#breadcrumb"},"inLanguage":"en-US","potentialAction":[{"@type":"ReadAction","target":["https:\/\/www.progamerfactory.com\/es\/terminos-y-condiciones\/"]}]},{"@type":"BreadcrumbList","@id":"https:\/\/www.progamerfactory.com\/es\/terminos-y-condiciones\/#breadcrumb","itemListElement":[{"@type":"ListItem","position":1,"name":"Portada","item":"https:\/\/www.progamerfactory.com\/"},{"@type":"ListItem","position":2,"name":"T\u00e9rminos y Condiciones"}]},{"@type":"WebSite","@id":"https:\/\/www.progamerfactory.com\/#website","url":"https:\/\/www.progamerfactory.com\/","name":"Pro Gamer Factory","description":"Web site where you will find the descriptions and recommendations of the best products of the industry Gamer","publisher":{"@id":"https:\/\/www.progamerfactory.com\/#organization"},"potentialAction":[{"@type":"SearchAction","target":{"@type":"EntryPoint","urlTemplate":"https:\/\/www.progamerfactory.com\/?s={search_term_string}"},"query-input":{"@type":"PropertyValueSpecification","valueRequired":true,"valueName":"search_term_string"}}],"inLanguage":"en-US"},{"@type":"Organization","@id":"https:\/\/www.progamerfactory.com\/#organization","name":"Pro Gamer Factory","alternateName":"Pro Gamer Factory","url":"https:\/\/www.progamerfactory.com\/","logo":{"@type":"ImageObject","inLanguage":"en-US","@id":"https:\/\/www.progamerfactory.com\/#\/schema\/logo\/image\/","url":"https:\/\/www.progamerfactory.com\/wp-content\/uploads\/2020\/12\/cropped-icono.png","contentUrl":"https:\/\/www.progamerfactory.com\/wp-content\/uploads\/2020\/12\/cropped-icono.png","width":512,"height":512,"caption":"Pro Gamer Factory"},"image":{"@id":"https:\/\/www.progamerfactory.com\/#\/schema\/logo\/image\/"},"sameAs":["https:\/\/www.facebook.com\/progamerfactory","https:\/\/x.com\/PR0GamerFactory","https:\/\/www.instagram.com\/progamerfactorystore\/","https:\/\/www.pinterest.com.mx\/progamerfactory\/"]}]}},"jetpack_sharing_enabled":true,"_links":{"self":[{"href":"https:\/\/www.progamerfactory.com\/en\/wp-json\/wp\/v2\/pages\/260","targetHints":{"allow":["GET"]}}],"collection":[{"href":"https:\/\/www.progamerfactory.com\/en\/wp-json\/wp\/v2\/pages"}],"about":[{"href":"https:\/\/www.progamerfactory.com\/en\/wp-json\/wp\/v2\/types\/page"}],"author":[{"embeddable":true,"href":"https:\/\/www.progamerfactory.com\/en\/wp-json\/wp\/v2\/users\/1"}],"replies":[{"embeddable":true,"href":"https:\/\/www.progamerfactory.com\/en\/wp-json\/wp\/v2\/comments?post=260"}],"version-history":[{"count":0,"href":"https:\/\/www.progamerfactory.com\/en\/wp-json\/wp\/v2\/pages\/260\/revisions"}],"wp:attachment":[{"href":"https:\/\/www.progamerfactory.com\/en\/wp-json\/wp\/v2\/media?parent=260"}],"curies":[{"name":"wp","href":"https:\/\/api.w.org\/{rel}","templated":true}]}}