{"id":260,"date":"2020-12-05T11:33:09","date_gmt":"2020-12-05T17:33:09","guid":{"rendered":"https:\/\/www.progamerfactory.com\/?page_id=260"},"modified":"2021-08-11T12:17:47","modified_gmt":"2021-08-11T17:17:47","slug":"terminos-y-condiciones","status":"publish","type":"page","link":"https:\/\/www.progamerfactory.com\/es\/terminos-y-condiciones\/","title":{"rendered":"T\u00e9rminos y Condiciones"},"content":{"rendered":"\n<div class=\"row\"  id=\"row-978184264\">\n\n\n\t<div id=\"col-421636985\" class=\"col medium-4 small-12 large-4\"  >\n\t\t\t\t<div class=\"col-inner\"  >\n\t\t\t\n\t\t\t\n\n\n\t\t<\/div>\n\t\t\t\t\t<\/div>\n\n\t\n\n\t<div id=\"col-2127410338\" class=\"col medium-4 small-12 large-4\"  >\n\t\t\t\t<div class=\"col-inner text-center\"  >\n\t\t\t\n\t\t\t\n\n\t<div class=\"img has-hover x md-x lg-x y md-y lg-y\" id=\"image_504319351\">\n\t\t\t\t\t\t<div data-animate=\"bounceInUp\">\t\t<div class=\"img-inner dark\" >\n\t\t\t<img decoding=\"async\" width=\"512\" height=\"512\" src=\"https:\/\/www.progamerfactory.com\/wp-content\/uploads\/2020\/12\/icono.png\" class=\"attachment-large size-large\" alt=\"Izotipo Pro Gamer Factory\" srcset=\"https:\/\/www.progamerfactory.com\/wp-content\/uploads\/2020\/12\/icono.png 512w, https:\/\/www.progamerfactory.com\/wp-content\/uploads\/2020\/12\/icono-100x100.png 100w, https:\/\/www.progamerfactory.com\/wp-content\/uploads\/2020\/12\/icono-510x510.png 510w, https:\/\/www.progamerfactory.com\/wp-content\/uploads\/2020\/12\/icono-400x400.png 400w, https:\/\/www.progamerfactory.com\/wp-content\/uploads\/2020\/12\/icono-280x280.png 280w\" sizes=\"(max-width: 512px) 100vw, 512px\" \/>\t\t\t\t\t\t\n\t\t\t\t\t<\/div>\n\t\t<\/div>\t\t\t\t\t\t\n<style>\n#image_504319351 {\n  width: 33%;\n}\n<\/style>\n\t<\/div>\n\t\n\n\n\t\t<\/div>\n\t\t\t\t\t<\/div>\n\n\t\n\n\t<div id=\"col-1500886944\" class=\"col medium-4 small-12 large-4\"  >\n\t\t\t\t<div class=\"col-inner\"  >\n\t\t\t\n\t\t\t\n\n\n\t\t<\/div>\n\t\t\t\t\t<\/div>\n\n\t\n\n<\/div>\n\n\n\n<h1 class=\"has-text-align-center wp-block-heading\">T\u00e9rminos y Condiciones<\/h1>\n\n\n\n<p>El SITIO WEB podr\u00e1 incluir hiperv\u00ednculos o enlaces que permitan acceder a p\u00e1ginas web de terceros distintos de&nbsp;<strong>Pro Gamer Factory<\/strong>. Los titulares de dichos sitios web dispondr\u00e1n de sus propias pol\u00edticas de privacidad y protecci\u00f3n de datos, por lo cual&nbsp;<strong>Pro Gamer Factory<\/strong>&nbsp;no asume ning\u00fan tipo de responsabilidad por los datos que san facilitados por el USUARIO a trav\u00e9s de cualquier sitio web distinto a&nbsp;<strong><a href=\"https:\/\/www.progamerfactory.com\/\">https:\/\/www.progamerfactory.com\/<\/a><\/strong>.<\/p>\n\n\n\n<p><strong>Pro Gamer Factory<\/strong>&nbsp;se reserva el derecho a modificar su Pol\u00edtica de Privacidad, de acuerdo a sus necesidades o derivado de alg\u00fan cambio en la legislaci\u00f3n. El acceso o utilizaci\u00f3n del SITIO WEB despu\u00e9s de dichos cambios, implicar\u00e1 la aceptaci\u00f3n de estos cambios.<\/p>\n\n\n\n<p>Por otra parte, el acceso al SITIO WEB puede implicar la utilizaci\u00f3n de cookies, las cuales, son peque\u00f1as cantidades de informaci\u00f3n que se almacenan en el navegador utilizado por el USUARIO. Las cookies facilitan la navegaci\u00f3n, la hacen m\u00e1s amigable, y no da\u00f1an el dispositivo de navegaci\u00f3n, para ello, pueden recabar informaci\u00f3n para ingresar al SITIO WEB, almacenar las preferencias del USUARIO, as\u00ed como la interacci\u00f3n que este tenga con el SITIO WEB, como por ejemplo: la fecha y hora en la que se accede al SITIO WEB, el tiempo que se ha hecho uso de este, los sitios visitados antes y despu\u00e9s del mismo, el n\u00famero de p\u00e1ginas visitadas, la direcci\u00f3n IP de la cual accede el usuario, la frecuencia de visitas, etc.<\/p>\n\n\n\n<p>Este tipo de informaci\u00f3n ser\u00e1 utilizada para mejorar el SITIO WEB, detectar errores, y posibles necesidades que el USUARIO pueda tener, lo anterior a efecto de ofrecer a los USUARIOS servicios y contenidos de mejor calidad. En todo caso, la informaci\u00f3n que se recopile ser\u00e1 an\u00f3nima y no se identificar\u00e1 a usuarios individuales.<\/p>\n\n\n\n<p>En caso de que el USUARIO no desee que se recopile este tipo de informaci\u00f3n deber\u00e1 deshabilitar, rechazar, restringir y\/o eliminar el uso de cookies en su navegador de internet. Los procedimientos para realizar estas acciones pueden diferir de un navegador a otro; en consecuencia, se sugiere revisar las instrucciones facilitadas por el desarrollador del navegador. En el supuesto de que rechace el uso de cookies (total o parcialmente) el USUARIO podr\u00e1 continuar haciendo uso del SITIO WEB, aunque podr\u00edan quedar deshabilitadas algunas de las funciones del mismo.<\/p>\n\n\n\n<p>Es posible que en el futuro estas pol\u00edticas respecto a las cookies cambien o se actualicen, por ello es recomendable revisar las actualizaciones que se realicen a los presentes T\u00c9RMINOS Y CONDICIONES, con objetivo de estar adecuadamente informado sobre c\u00f3mo y para qu\u00e9 utilizamos las cookies que se generan al ingresar o hacer uso del SITIO WEB.<\/p>\n\n\n\n<h2 class=\"wp-block-heading\"><strong>V. POL\u00cdTICA DE ENLACES.<\/strong><\/h2>\n\n\n\n<p>El SITIO WEB puede contener enlaces, contenidos, servicios o funciones, de otros sitios de internet pertenecientes y\/o gestionados por terceros, como por ejemplo im\u00e1genes, videos, comentarios, motores de b\u00fasqueda, etc.<\/p>\n\n\n\n<p>La utilizaci\u00f3n de estos enlaces, contenidos, servicios o funciones, tiene por objeto mejorar la experiencia del USUARIO al hacer uso del SITIO WEB, sin que pueda considerarse una sugerencia, recomendaci\u00f3n o invitaci\u00f3n para hacer uso de sitios externos.&nbsp;<strong>Pro Gamer Factory<\/strong>&nbsp;en ning\u00fan caso revisar\u00e1 o controlar\u00e1 el contenido de los sitios externos, de igual forma, no hace propios los productos, servicios, contenidos, y cualquier otro material existente en los referidos sitios enlazados; por lo cual, tampoco se garantizar\u00e1 la disponibilidad, exactitud, veracidad, validez o legalidad de los sitios externos a los que se pueda tener acceso a trav\u00e9s del SITIO WEB. As\u00ed mismo, el TITULAR no asume ninguna responsabilidad por los da\u00f1os y perjuicios que pudieran producirse por el acceso o uso, de los contenidos, productos o servicios disponibles en los sitios web no gestionados por&nbsp;<strong>Pro Gamer Factory<\/strong>&nbsp;a los que se pueda acceder mediante el SITIO WEB.<\/p>\n\n\n\n<h2 class=\"wp-block-heading\"><strong>VI. POL\u00cdTICA EN MATERIA DE PROPIEDAD INTELECTUAL E INDUSTRIAL.<\/strong><\/h2>\n\n\n\n<p><strong>Pro Gamer Factory<\/strong>&nbsp;por s\u00ed o como parte cesionaria, es titular de todos los derechos de propiedad intelectual e industrial del SITIO WEB, entendiendo por este el c\u00f3digo fuente que hace posible su funcionamiento as\u00ed como las im\u00e1genes, archivos de audio o video, logotipos, marcas, combinaciones de colores, estructuras, dise\u00f1os y dem\u00e1s elementos que lo distinguen. Ser\u00e1n, por consiguiente, protegidas por la legislaci\u00f3n mexicana en materia de propiedad intelectual e industrial, as\u00ed como por los tratados internacionales aplicables. Por consiguiente, queda expresamente prohibida la reproducci\u00f3n, distribuci\u00f3n, o difusi\u00f3n de los contenidos del SITIO WEB, con fines comerciales, en cualquier soporte y por cualquier medio, sin la autorizaci\u00f3n de&nbsp;<strong>Pro Gamer Factory<\/strong>.<\/p>\n\n\n\n<p>El USUARIO se compromete a respetar los derechos de propiedad intelectual e industrial del TITULAR. No obstante, adem\u00e1s de poder visualizar los elementos del SITIO WEB podr\u00e1 imprimirlos, copiarlos o almacenarlos, siempre y cuando sea exclusivamente para su uso estrictamente personal.<\/p>\n\n\n\n<p>Por otro lado, el USUARIO, se abstendr\u00e1 de suprimir, alterar, o manipular cualquier elemento, archivo, o contenido, del SITIO WEB, y por ning\u00fan motivo realizar\u00e1 actos tendientes a vulnerar la seguridad, los archivos o bases de datos que se encuentren protegidos, ya sea a trav\u00e9s de un acceso restringido mediante un usuario y contrase\u00f1a, o porque no cuente con los permisos para visualizarlos, editarlos o manipularlos.<\/p>\n\n\n\n<p>En caso de que el USUARIO o alg\u00fan tercero consideren que cualquiera de los contenidos del SITIO WEB suponga una violaci\u00f3n de los derechos de protecci\u00f3n de la propiedad industrial o intelectual, deber\u00e1 comunicarlo inmediatamente a&nbsp;<strong>Pro Gamer Factory<\/strong>&nbsp;a trav\u00e9s de los datos de contacto disponibles en el propio SITIO WEB.<\/p>\n\n\n\n<h2 class=\"wp-block-heading\"><strong><br>VII. LEGISLACI\u00d3N Y JURISDICCI\u00d3N APLICABLE.<\/strong><\/h2>\n\n\n\n<p>Pro Gamer Factory&nbsp;se reserva la facultad de presentar las acciones civiles o penales que considere necesarias por la utilizaci\u00f3n indebida del SITIO WEB, sus contenidos, productos o servicios, o por el incumplimiento de los presentes T\u00c9RMINOS Y CONDICIONES.<\/p>\n\n\n\n<p>La relaci\u00f3n entre el USUARIO y&nbsp;Pro Gamer Factory&nbsp;se regir\u00e1 por la legislaci\u00f3n vigente en M\u00e9xico, espec\u00edficamente en&nbsp;Aguascalientes. De surgir cualquier controversia en relaci\u00f3n a la interpretaci\u00f3n y\/o a la aplicaci\u00f3n de los presentes T\u00c9RMINOS Y CONDICIONES, las partes se someter\u00e1n a la jurisdicci\u00f3n ordinaria de los tribunales que correspondan conforme a derecho en el estado al que se hace referencia.<\/p>\n","protected":false},"excerpt":{"rendered":"<p>T\u00e9rminos y Condiciones El SITIO WEB podr\u00e1 incluir hiperv\u00ednculos o enlaces que permitan acceder a p\u00e1ginas web de terceros distintos de&nbsp;Pro Gamer Factory. Los titulares de dichos sitios web dispondr\u00e1n de sus propias pol\u00edticas de privacidad y protecci\u00f3n de datos, por lo cual&nbsp;Pro Gamer Factory&nbsp;no asume ning\u00fan tipo de responsabilidad por los datos que san [&#8230;]\n","protected":false},"author":1,"featured_media":0,"parent":0,"menu_order":0,"comment_status":"closed","ping_status":"closed","template":"","meta":{"footnotes":""},"class_list":["post-260","page","type-page","status-publish","hentry"],"yoast_head":"<!-- This site is optimized with the Yoast SEO Premium plugin v20.5 (Yoast SEO v27.4) - https:\/\/yoast.com\/product\/yoast-seo-premium-wordpress\/ -->\n<title>T\u00e9rminos y Condiciones | Pro Gamer Factory<\/title>\n<meta name=\"robots\" content=\"noindex, follow\" \/>\n<meta property=\"og:locale\" content=\"es_ES\" \/>\n<meta property=\"og:type\" content=\"article\" \/>\n<meta property=\"og:title\" content=\"T\u00e9rminos y Condiciones\" \/>\n<meta property=\"og:description\" content=\"T\u00e9rminos y Condiciones El SITIO WEB podr\u00e1 incluir hiperv\u00ednculos o enlaces que permitan acceder a p\u00e1ginas web de terceros distintos de&nbsp;Pro Gamer Factory. Los titulares de dichos sitios web dispondr\u00e1n de sus propias pol\u00edticas de privacidad y protecci\u00f3n de datos, por lo cual&nbsp;Pro Gamer Factory&nbsp;no asume ning\u00fan tipo de responsabilidad por los datos que san [...]\" \/>\n<meta property=\"og:url\" content=\"https:\/\/www.progamerfactory.com\/es\/terminos-y-condiciones\/\" \/>\n<meta property=\"og:site_name\" content=\"Pro Gamer Factory\" \/>\n<meta property=\"article:publisher\" content=\"https:\/\/www.facebook.com\/progamerfactory\" \/>\n<meta property=\"article:modified_time\" content=\"2021-08-11T17:17:47+00:00\" \/>\n<meta property=\"og:image\" content=\"https:\/\/www.progamerfactory.com\/wp-content\/uploads\/2021\/08\/portada-pinterest.png\" \/>\n\t<meta property=\"og:image:width\" content=\"800\" \/>\n\t<meta property=\"og:image:height\" content=\"450\" \/>\n\t<meta property=\"og:image:type\" content=\"image\/png\" \/>\n<meta name=\"twitter:card\" content=\"summary_large_image\" \/>\n<meta name=\"twitter:site\" content=\"@PR0GamerFactory\" \/>\n<meta name=\"twitter:label1\" content=\"Tiempo de lectura\" \/>\n\t<meta name=\"twitter:data1\" content=\"5 minutos\" \/>\n<script type=\"application\/ld+json\" class=\"yoast-schema-graph\">{\"@context\":\"https:\\\/\\\/schema.org\",\"@graph\":[{\"@type\":\"WebPage\",\"@id\":\"https:\\\/\\\/www.progamerfactory.com\\\/es\\\/terminos-y-condiciones\\\/\",\"url\":\"https:\\\/\\\/www.progamerfactory.com\\\/es\\\/terminos-y-condiciones\\\/\",\"name\":\"T\u00e9rminos y Condiciones | Pro Gamer Factory\",\"isPartOf\":{\"@id\":\"https:\\\/\\\/www.progamerfactory.com\\\/#website\"},\"datePublished\":\"2020-12-05T17:33:09+00:00\",\"dateModified\":\"2021-08-11T17:17:47+00:00\",\"breadcrumb\":{\"@id\":\"https:\\\/\\\/www.progamerfactory.com\\\/es\\\/terminos-y-condiciones\\\/#breadcrumb\"},\"inLanguage\":\"es\",\"potentialAction\":[{\"@type\":\"ReadAction\",\"target\":[\"https:\\\/\\\/www.progamerfactory.com\\\/es\\\/terminos-y-condiciones\\\/\"]}]},{\"@type\":\"BreadcrumbList\",\"@id\":\"https:\\\/\\\/www.progamerfactory.com\\\/es\\\/terminos-y-condiciones\\\/#breadcrumb\",\"itemListElement\":[{\"@type\":\"ListItem\",\"position\":1,\"name\":\"Portada\",\"item\":\"https:\\\/\\\/www.progamerfactory.com\\\/\"},{\"@type\":\"ListItem\",\"position\":2,\"name\":\"T\u00e9rminos y Condiciones\"}]},{\"@type\":\"WebSite\",\"@id\":\"https:\\\/\\\/www.progamerfactory.com\\\/#website\",\"url\":\"https:\\\/\\\/www.progamerfactory.com\\\/\",\"name\":\"Pro Gamer Factory\",\"description\":\"Sitio web donde encontraras las descripciones y las recomendaciones de los mejores productos de la industria Gamer\",\"publisher\":{\"@id\":\"https:\\\/\\\/www.progamerfactory.com\\\/#organization\"},\"potentialAction\":[{\"@type\":\"SearchAction\",\"target\":{\"@type\":\"EntryPoint\",\"urlTemplate\":\"https:\\\/\\\/www.progamerfactory.com\\\/?s={search_term_string}\"},\"query-input\":{\"@type\":\"PropertyValueSpecification\",\"valueRequired\":true,\"valueName\":\"search_term_string\"}}],\"inLanguage\":\"es\"},{\"@type\":\"Organization\",\"@id\":\"https:\\\/\\\/www.progamerfactory.com\\\/#organization\",\"name\":\"Pro Gamer Factory\",\"alternateName\":\"Pro Gamer Factory\",\"url\":\"https:\\\/\\\/www.progamerfactory.com\\\/\",\"logo\":{\"@type\":\"ImageObject\",\"inLanguage\":\"es\",\"@id\":\"https:\\\/\\\/www.progamerfactory.com\\\/#\\\/schema\\\/logo\\\/image\\\/\",\"url\":\"https:\\\/\\\/www.progamerfactory.com\\\/wp-content\\\/uploads\\\/2020\\\/12\\\/cropped-icono.png\",\"contentUrl\":\"https:\\\/\\\/www.progamerfactory.com\\\/wp-content\\\/uploads\\\/2020\\\/12\\\/cropped-icono.png\",\"width\":512,\"height\":512,\"caption\":\"Pro Gamer Factory\"},\"image\":{\"@id\":\"https:\\\/\\\/www.progamerfactory.com\\\/#\\\/schema\\\/logo\\\/image\\\/\"},\"sameAs\":[\"https:\\\/\\\/www.facebook.com\\\/progamerfactory\",\"https:\\\/\\\/x.com\\\/PR0GamerFactory\",\"https:\\\/\\\/www.instagram.com\\\/progamerfactorystore\\\/\",\"https:\\\/\\\/www.pinterest.com.mx\\\/progamerfactory\\\/\"]}]}<\/script>\n<!-- \/ Yoast SEO Premium plugin. -->","yoast_head_json":{"title":"T\u00e9rminos y Condiciones | Pro Gamer Factory","robots":{"index":"noindex","follow":"follow"},"og_locale":"es_ES","og_type":"article","og_title":"T\u00e9rminos y Condiciones","og_description":"T\u00e9rminos y Condiciones El SITIO WEB podr\u00e1 incluir hiperv\u00ednculos o enlaces que permitan acceder a p\u00e1ginas web de terceros distintos de&nbsp;Pro Gamer Factory. Los titulares de dichos sitios web dispondr\u00e1n de sus propias pol\u00edticas de privacidad y protecci\u00f3n de datos, por lo cual&nbsp;Pro Gamer Factory&nbsp;no asume ning\u00fan tipo de responsabilidad por los datos que san [...]","og_url":"https:\/\/www.progamerfactory.com\/es\/terminos-y-condiciones\/","og_site_name":"Pro Gamer Factory","article_publisher":"https:\/\/www.facebook.com\/progamerfactory","article_modified_time":"2021-08-11T17:17:47+00:00","og_image":[{"width":800,"height":450,"url":"https:\/\/www.progamerfactory.com\/wp-content\/uploads\/2021\/08\/portada-pinterest.png","type":"image\/png"}],"twitter_card":"summary_large_image","twitter_site":"@PR0GamerFactory","twitter_misc":{"Tiempo de lectura":"5 minutos"},"schema":{"@context":"https:\/\/schema.org","@graph":[{"@type":"WebPage","@id":"https:\/\/www.progamerfactory.com\/es\/terminos-y-condiciones\/","url":"https:\/\/www.progamerfactory.com\/es\/terminos-y-condiciones\/","name":"T\u00e9rminos y Condiciones | Pro Gamer Factory","isPartOf":{"@id":"https:\/\/www.progamerfactory.com\/#website"},"datePublished":"2020-12-05T17:33:09+00:00","dateModified":"2021-08-11T17:17:47+00:00","breadcrumb":{"@id":"https:\/\/www.progamerfactory.com\/es\/terminos-y-condiciones\/#breadcrumb"},"inLanguage":"es","potentialAction":[{"@type":"ReadAction","target":["https:\/\/www.progamerfactory.com\/es\/terminos-y-condiciones\/"]}]},{"@type":"BreadcrumbList","@id":"https:\/\/www.progamerfactory.com\/es\/terminos-y-condiciones\/#breadcrumb","itemListElement":[{"@type":"ListItem","position":1,"name":"Portada","item":"https:\/\/www.progamerfactory.com\/"},{"@type":"ListItem","position":2,"name":"T\u00e9rminos y Condiciones"}]},{"@type":"WebSite","@id":"https:\/\/www.progamerfactory.com\/#website","url":"https:\/\/www.progamerfactory.com\/","name":"Pro Gamer Factory","description":"Sitio web donde encontraras las descripciones y las recomendaciones de los mejores productos de la industria Gamer","publisher":{"@id":"https:\/\/www.progamerfactory.com\/#organization"},"potentialAction":[{"@type":"SearchAction","target":{"@type":"EntryPoint","urlTemplate":"https:\/\/www.progamerfactory.com\/?s={search_term_string}"},"query-input":{"@type":"PropertyValueSpecification","valueRequired":true,"valueName":"search_term_string"}}],"inLanguage":"es"},{"@type":"Organization","@id":"https:\/\/www.progamerfactory.com\/#organization","name":"Pro Gamer Factory","alternateName":"Pro Gamer Factory","url":"https:\/\/www.progamerfactory.com\/","logo":{"@type":"ImageObject","inLanguage":"es","@id":"https:\/\/www.progamerfactory.com\/#\/schema\/logo\/image\/","url":"https:\/\/www.progamerfactory.com\/wp-content\/uploads\/2020\/12\/cropped-icono.png","contentUrl":"https:\/\/www.progamerfactory.com\/wp-content\/uploads\/2020\/12\/cropped-icono.png","width":512,"height":512,"caption":"Pro Gamer Factory"},"image":{"@id":"https:\/\/www.progamerfactory.com\/#\/schema\/logo\/image\/"},"sameAs":["https:\/\/www.facebook.com\/progamerfactory","https:\/\/x.com\/PR0GamerFactory","https:\/\/www.instagram.com\/progamerfactorystore\/","https:\/\/www.pinterest.com.mx\/progamerfactory\/"]}]}},"jetpack_sharing_enabled":true,"_links":{"self":[{"href":"https:\/\/www.progamerfactory.com\/es\/wp-json\/wp\/v2\/pages\/260","targetHints":{"allow":["GET"]}}],"collection":[{"href":"https:\/\/www.progamerfactory.com\/es\/wp-json\/wp\/v2\/pages"}],"about":[{"href":"https:\/\/www.progamerfactory.com\/es\/wp-json\/wp\/v2\/types\/page"}],"author":[{"embeddable":true,"href":"https:\/\/www.progamerfactory.com\/es\/wp-json\/wp\/v2\/users\/1"}],"replies":[{"embeddable":true,"href":"https:\/\/www.progamerfactory.com\/es\/wp-json\/wp\/v2\/comments?post=260"}],"version-history":[{"count":0,"href":"https:\/\/www.progamerfactory.com\/es\/wp-json\/wp\/v2\/pages\/260\/revisions"}],"wp:attachment":[{"href":"https:\/\/www.progamerfactory.com\/es\/wp-json\/wp\/v2\/media?parent=260"}],"curies":[{"name":"wp","href":"https:\/\/api.w.org\/{rel}","templated":true}]}}